{"id":2,"date":"2012-07-08T14:31:39","date_gmt":"2012-07-08T14:31:39","guid":{"rendered":"http:\/\/julie.jwalther.fr\/wordpress\/?page_id=2"},"modified":"2018-08-28T09:39:44","modified_gmt":"2018-08-28T08:39:44","slug":"presentation","status":"publish","type":"page","link":"https:\/\/julie.jwalther.fr\/wordpress\/presentation\/","title":{"rendered":"A propos d&rsquo;une Juju"},"content":{"rendered":"<p><a href=\"http:\/\/julie.jwalther.fr\/wordpress\/wp-content\/uploads\/2013\/04\/20130419_223406.jpg\"><img loading=\"lazy\" class=\" wp-image-365 alignright\" src=\"http:\/\/julie.jwalther.fr\/wordpress\/wp-content\/uploads\/2013\/04\/20130419_223406-702x1024.jpg\" alt=\"20130419_223406\" width=\"236\" height=\"344\" srcset=\"https:\/\/julie.jwalther.fr\/wordpress\/wp-content\/uploads\/2013\/04\/20130419_223406-702x1024.jpg 702w, https:\/\/julie.jwalther.fr\/wordpress\/wp-content\/uploads\/2013\/04\/20130419_223406-205x300.jpg 205w, https:\/\/julie.jwalther.fr\/wordpress\/wp-content\/uploads\/2013\/04\/20130419_223406.jpg 1755w\" sizes=\"(max-width: 236px) 100vw, 236px\" \/><\/a>Juju c&rsquo;est plein de choses.<\/p>\n<p>Elle aime bien les trucs bizarres. Entre maman, qui lui raconte des trucs louches et des histoires de bact\u00e9ries, son appartement (anciennement) infest\u00e9 de moisit, son chat fou et peintre averti ainsi qu&rsquo; un lapin, quoi que ob\u00e8se, tout aussi ravag\u00e9 par la folie, la petite Julie se forge un univers teint\u00e9 de &#8230; enfin, vous allez bien le voir par vous m\u00eame.<\/p>\n<p>Elle aime les \u00ab\u00a0trucs de mamies\u00a0\u00bb, comme disent les gens. Donc elle pratique r\u00e9guli\u00e8rement le crochet, le tricot, la couture et la broderie, ce qui lui permet de r\u00e9aliser toutes sortes de folies cr\u00e9atives, entre doudou tout mimi et accessoires tout d\u00e9gueux. Mais pas que, puisqu&rsquo;elle fait aussi de la peinture, bidouille photoshop, remplit des carnets de croquis &#8230;<\/p>\n<p>La Juju a eu un BTS Design de mode, et au Lyc\u00e9e La Source a obtenu un DMA Arts Textiles, eh oui !<br \/>\nD\u00e9sormais, apr\u00e8s 7 ans d&rsquo;\u00e9tudes enrichissantes en art et dans l&rsquo;artisanat, elle se tourne vers la recherche textile. Ainsi, c&rsquo;est \u00e0 Mulhouse que ses ambitions l&rsquo;ont guid\u00e9e, vers la merveilleuse aventure de la classe pr\u00e9paratoire ATS du lyc\u00e9e Louis Armand &#8230; Elle commence d\u00e8s \u00e0 pr\u00e9sent et\u00a0avec joie un\u00a0cycle ing\u00e9nieur textile, \u00e0 l&rsquo;ENSISA de Mulhouse. Pour proposer de nouvelles choses tr\u00e8s vite, \u00e0 n&rsquo;en point douter !<\/p>\n<p>Bref, si tu veux conna\u00eetre Juju le mieux encore c&rsquo;est de regarder ce qu&rsquo;elle fait.<\/p>\n<p>Merci pour la visite !<\/p>\n<p>&nbsp;<\/p>\n","protected":false},"excerpt":{"rendered":"<p>Juju c&rsquo;est plein de choses. Elle aime bien les trucs bizarres. Entre maman, qui lui raconte des trucs louches et des histoires de bact\u00e9ries, son appartement (anciennement) infest\u00e9 de moisit, son chat fou et peintre averti ainsi qu&rsquo; un lapin, quoi que ob\u00e8se, tout aussi ravag\u00e9 par la folie, la petite Julie se forge un [&hellip;]<\/p>\n","protected":false},"author":1,"featured_media":0,"parent":0,"menu_order":0,"comment_status":"open","ping_status":"open","template":"","meta":[],"_links":{"self":[{"href":"https:\/\/julie.jwalther.fr\/wordpress\/wp-json\/wp\/v2\/pages\/2"}],"collection":[{"href":"https:\/\/julie.jwalther.fr\/wordpress\/wp-json\/wp\/v2\/pages"}],"about":[{"href":"https:\/\/julie.jwalther.fr\/wordpress\/wp-json\/wp\/v2\/types\/page"}],"author":[{"embeddable":true,"href":"https:\/\/julie.jwalther.fr\/wordpress\/wp-json\/wp\/v2\/users\/1"}],"replies":[{"embeddable":true,"href":"https:\/\/julie.jwalther.fr\/wordpress\/wp-json\/wp\/v2\/comments?post=2"}],"version-history":[{"count":14,"href":"https:\/\/julie.jwalther.fr\/wordpress\/wp-json\/wp\/v2\/pages\/2\/revisions"}],"predecessor-version":[{"id":1041,"href":"https:\/\/julie.jwalther.fr\/wordpress\/wp-json\/wp\/v2\/pages\/2\/revisions\/1041"}],"wp:attachment":[{"href":"https:\/\/julie.jwalther.fr\/wordpress\/wp-json\/wp\/v2\/media?parent=2"}],"curies":[{"name":"wp","href":"https:\/\/api.w.org\/{rel}","templated":true}]}}